{"id":2518,"date":"2025-02-24T14:40:29","date_gmt":"2025-02-24T14:40:29","guid":{"rendered":"https:\/\/teixeiradacruz.com\/?page_id=2518"},"modified":"2025-02-24T18:15:04","modified_gmt":"2025-02-24T18:15:04","slug":"particulares","status":"publish","type":"page","link":"https:\/\/teixeiradacruz.com\/?page_id=2518","title":{"rendered":"Particulares"},"content":{"rendered":"<section class=\"wpb-content-wrapper\"><p>[vc_row wrap_class=&#8221;no&#8221; css=&#8221;.vc_custom_1436341787459{margin-bottom: 60px !important;}&#8221;][vc_column width=&#8221;2\/3&#8243; column_effect=&#8221;bottommove&#8221; el_class=&#8221;lp-business&#8221;]\n\t\t\t<div class=\"tp-product-page font-increase\">\n\t\t\t<div class=\"product-img\">\n\t\t\t\t<a href=\"https:\/\/teixeiradacruz.com\/?page_id=2518\">\n\t\t\t\t\t<img loading=\"lazy\" decoding=\"async\" width=\"750\" height=\"400\" src=\"https:\/\/teixeiradacruz.com\/wp-content\/uploads\/2025\/02\/casa.jpg\" class=\"img-responsive\" alt=\"\" srcset=\"https:\/\/teixeiradacruz.com\/wp-content\/uploads\/2025\/02\/casa.jpg 750w, https:\/\/teixeiradacruz.com\/wp-content\/uploads\/2025\/02\/casa-300x160.jpg 300w\" sizes=\"auto, (max-width: 750px) 100vw, 750px\" \/>\t\t\t\t<\/a>\n\t\t\t<\/div>\n\t\t\t<div class=\"grey-box\">\n\t\t\t\t<h1><a href=\"https:\/\/teixeiradacruz.com\/?page_id=2518\"><\/a><\/h1>\n\t\t\t\t<p>O que mais o preocupa?<\/p>\n<p>Garantir a prote\u00e7\u00e3o dos seus bens, da sua sa\u00fade e da sua fam\u00edlia ser\u00e1 certamente uma das suas maiores preocupa\u00e7\u00f5es.<\/p>\n<p>Assegurar a melhor cobertura para o seu autom\u00f3vel e para a sua habita\u00e7\u00e3o, a melhor ap\u00f3lice para que nos seus momentos de lazer se sinta seguro, a solu\u00e7\u00e3o ideal para que se proteger a si e aos seus em caso de doen\u00e7a ou acidente &#8211; nunca esquecendo os seus animais de companhia.<\/p>\n<p>Analisamos as suas necessidades mediante aquilo que s\u00e3o as suas preocupa\u00e7\u00f5es.<\/p>\n<p>&#8211; Autom\u00f3vel, habita\u00e7\u00e3o, sa\u00fade, vida, acidentes, poupan\u00e7a, responsabilidade civil, animais, viagem, bicicleta, corrida e desporto, dispositivos eletr\u00f3nicos\u2026entre outros.<\/p>\n<p>Encontramos no mercado segurador a solu\u00e7\u00e3o que mais se adapta \u00e0s suas exig\u00eancias.<\/p>\t\t\t\t\t\t\t<\/div>\n\t\t<\/div>\n\t[\/vc_column][vc_column width=&#8221;1\/3&#8243; title=&#8221;&#8221; wap_class=&#8221;&#8221; wap_id=&#8221;&#8221; column_effect=&#8221;bottommove&#8221;]\n<div class=\"wpcf7 no-js\" id=\"wpcf7-f1359-o1\" lang=\"en-US\" dir=\"ltr\" data-wpcf7-id=\"1359\">\n<div class=\"screen-reader-response\"><p role=\"status\" aria-live=\"polite\" aria-atomic=\"true\"><\/p> <ul><\/ul><\/div>\n<form action=\"\/index.php?rest_route=%2Fwp%2Fv2%2Fpages%2F2518#wpcf7-f1359-o1\" method=\"post\" class=\"wpcf7-form init\" aria-label=\"Contact form\" novalidate=\"novalidate\" data-status=\"init\">\n<fieldset class=\"hidden-fields-container\"><input type=\"hidden\" name=\"_wpcf7\" value=\"1359\" \/><input type=\"hidden\" name=\"_wpcf7_version\" value=\"6.1.3\" \/><input type=\"hidden\" name=\"_wpcf7_locale\" value=\"en_US\" \/><input type=\"hidden\" name=\"_wpcf7_unit_tag\" value=\"wpcf7-f1359-o1\" \/><input type=\"hidden\" name=\"_wpcf7_container_post\" value=\"0\" \/><input type=\"hidden\" name=\"_wpcf7_posted_data_hash\" value=\"\" \/>\n<\/fieldset>\n<div class=\"lp-hero-section\">\n\t<div class=\"quote-form\">\n\t\t<h2>Contacte-nos\n\t\t<\/h2>\n\t\t<p>O seu contacto \u00e9 muito importante para n\u00f3s. Preencha o question\u00e1rio e n\u00f3s contacta-mo-lo.\n\t\t<\/p>\n\t\t<div class=\"form-group\">\n\t\t\t<p><span class=\"wpcf7-form-control-wrap\" data-name=\"fname\"><input size=\"40\" maxlength=\"400\" class=\"wpcf7-form-control wpcf7-text wpcf7-validates-as-required form-control input-md\" aria-required=\"true\" aria-invalid=\"false\" placeholder=\"Nome\" value=\"\" type=\"text\" name=\"fname\" \/><\/span>\n\t\t\t<\/p>\n\t\t<\/div>\n\t\t<div class=\"form-group\">\n\t\t\t<p><span class=\"wpcf7-form-control-wrap\" data-name=\"phone\"><input size=\"40\" maxlength=\"400\" class=\"wpcf7-form-control wpcf7-text wpcf7-validates-as-required form-control input-md\" aria-required=\"true\" aria-invalid=\"false\" placeholder=\"Telefone\" value=\"\" type=\"text\" name=\"phone\" \/><\/span>\n\t\t\t<\/p>\n\t\t<\/div>\n\t\t<div class=\"form-group\">\n\t\t\t<p><span class=\"wpcf7-form-control-wrap\" data-name=\"email\"><input size=\"40\" maxlength=\"400\" class=\"wpcf7-form-control wpcf7-text wpcf7-validates-as-required form-control input-md\" aria-required=\"true\" aria-invalid=\"false\" placeholder=\"E-Mail\" value=\"\" type=\"text\" name=\"email\" \/><\/span>\n\t\t\t<\/p>\n\t\t<\/div>\n\t\t<div class=\"form-group\">\n\t\t\t<p><span class=\"wpcf7-form-control-wrap\" data-name=\"textarea-109\"><textarea cols=\"40\" rows=\"10\" maxlength=\"2000\" class=\"wpcf7-form-control wpcf7-textarea input-md\" aria-invalid=\"false\" placeholder=\"Escreva a sua mensagem\" name=\"textarea-109\"><\/textarea><\/span>\n\t\t\t<\/p>\n\t\t\t<div class=\"form-group\">\n\t\t\t\t<p><input class=\"wpcf7-form-control wpcf7-submit has-spinner btn btn-block tp-btn tp-btn-orange\" type=\"submit\" value=\"Enviar\" \/>\n\t\t\t\t<\/p>\n\t\t\t<\/div>\n\t\t<\/div>\n\t<\/div>\n<\/div><p style=\"display: none !important;\" class=\"akismet-fields-container\" data-prefix=\"_wpcf7_ak_\"><label>&#916;<textarea name=\"_wpcf7_ak_hp_textarea\" cols=\"45\" rows=\"8\" maxlength=\"100\"><\/textarea><\/label><input type=\"hidden\" id=\"ak_js_1\" name=\"_wpcf7_ak_js\" value=\"75\"\/><script>document.getElementById( \"ak_js_1\" ).setAttribute( \"value\", ( new Date() ).getTime() );<\/script><\/p><div class=\"wpcf7-response-output\" aria-hidden=\"true\"><\/div>\n<\/form>\n<\/div>\n[\/vc_column][\/vc_row]<\/p>\n<\/section>","protected":false},"excerpt":{"rendered":"<p>[vc_row wrap_class=&#8221;no&#8221; css=&#8221;.vc_custom_1436341787459{margin-bottom: 60px !important;}&#8221;][vc_column width=&#8221;2\/3&#8243; column_effect=&#8221;bottommove&#8221; el_class=&#8221;lp-business&#8221;][\/vc_column][vc_column width=&#8221;1\/3&#8243; title=&#8221;&#8221; wap_class=&#8221;&#8221; wap_id=&#8221;&#8221; column_effect=&#8221;bottommove&#8221;][\/vc_column][\/vc_row]<\/p>\n","protected":false},"author":1,"featured_media":0,"parent":0,"menu_order":0,"comment_status":"open","ping_status":"open","template":"page-templates\/template-canvas.php","meta":{"pagelayer_contact_templates":[],"_pagelayer_content":"","footnotes":""},"class_list":["post-2518","page","type-page","status-publish","hentry"],"_links":{"self":[{"href":"https:\/\/teixeiradacruz.com\/index.php?rest_route=\/wp\/v2\/pages\/2518","targetHints":{"allow":["GET"]}}],"collection":[{"href":"https:\/\/teixeiradacruz.com\/index.php?rest_route=\/wp\/v2\/pages"}],"about":[{"href":"https:\/\/teixeiradacruz.com\/index.php?rest_route=\/wp\/v2\/types\/page"}],"author":[{"embeddable":true,"href":"https:\/\/teixeiradacruz.com\/index.php?rest_route=\/wp\/v2\/users\/1"}],"replies":[{"embeddable":true,"href":"https:\/\/teixeiradacruz.com\/index.php?rest_route=%2Fwp%2Fv2%2Fcomments&post=2518"}],"version-history":[{"count":9,"href":"https:\/\/teixeiradacruz.com\/index.php?rest_route=\/wp\/v2\/pages\/2518\/revisions"}],"predecessor-version":[{"id":2608,"href":"https:\/\/teixeiradacruz.com\/index.php?rest_route=\/wp\/v2\/pages\/2518\/revisions\/2608"}],"wp:attachment":[{"href":"https:\/\/teixeiradacruz.com\/index.php?rest_route=%2Fwp%2Fv2%2Fmedia&parent=2518"}],"curies":[{"name":"wp","href":"https:\/\/api.w.org\/{rel}","templated":true}]}}